{"id":645,"date":"2018-08-23T11:51:00","date_gmt":"2018-08-23T10:51:00","guid":{"rendered":"https:\/\/superlastminutes.be\/fr\/?page_id=645"},"modified":"2024-10-29T05:55:26","modified_gmt":"2024-10-29T04:55:26","slug":"newsletter","status":"publish","type":"page","link":"https:\/\/superlastminutes.be\/fr\/newsletter\/","title":{"rendered":"Newsletter"},"content":{"rendered":"<p>Inscrivez-vous \u00e0 notre newsletter et recevez les derni\u00e8res nouveaut\u00e9s !<\/p>\n<p>Nous publions sur SuperLastMinutes.be\u00a0tous les bons plans last minute ! En vous abonnant \u00e0 notre newsletter, vous \u00eates certain de ne rien rater.<\/p>\n<p><!-- Begin MailChimp Signup Form -->Vous pouvez changer d&rsquo;avis \u00e0 tout moment en cliquant sur le lien \u00ab\u00a0Se d\u00e9sinscrire\u00a0\u00bb situ\u00e9 sur le pied de page de tout e-mail que vous recevez de notre part, ou en nous contactant \u00e0 info@superlastminutes.be.<\/p>\n<p><!--<a href=\"https:\/\/superlastminutes.us16.list-manage.com\/subscribe?u=76555aed066217f9a8d80eda0&amp;id=6541280b6b\" target=\"_blank\" rel=\"noopener\"><img decoding=\"async\" class=\"aligncenter wp-image-1783 size-full\" src=\"https:\/\/superlastminutes.be\/fr\/wp-content\/uploads\/button_je-minscris.png\" alt=\"\" width=\"164\" height=\"40\" srcset=\"https:\/\/superlastminutes.be\/fr\/wp-content\/uploads\/button_je-minscris.png 164w, https:\/\/superlastminutes.be\/fr\/wp-content\/uploads\/button_je-minscris-100x24.png 100w\" sizes=\"(max-width: 164px) 100vw, 164px\" \/><\/a>--><\/p>\n<form action=\"https:\/\/hq.volomedia.com\/mailcoach\/subscribe\/61f2386d-dcba-4e0f-a818-85c3aca8d51e\" method=\"POST\">\nVotre adresse e-mail : <input autocomplete=\"off\" type=\"email\" name=\"email\" id=\"email\" class=\"input \" placeholder=\"\" value=\"\" required=\"\" label=\"email\"><\/p>\n<p><button type=\"submit\" class=\"button\">S\u2019inscrire<\/button>\n<\/p>\n<\/form>\n<p><!--End mc_embed_signup--><\/p>\n","protected":false},"excerpt":{"rendered":"<p>Inscrivez-vous \u00e0 notre newsletter et recevez les derni\u00e8res nouveaut\u00e9s ! Nous publions sur SuperLastMinutes.be\u00a0tous les bons plans last minute ! En vous abonnant \u00e0 notre newsletter, vous \u00eates certain de ne rien rater. Vous pouvez changer d&rsquo;avis \u00e0 tout moment en cliquant sur le lien \u00ab\u00a0Se d\u00e9sinscrire\u00a0\u00bb situ\u00e9 sur le pied de page de tout &#8230; <a title=\"Newsletter\" class=\"read-more\" href=\"https:\/\/superlastminutes.be\/fr\/newsletter\/\">Lire plus<\/a><\/p>\n","protected":false},"author":54,"featured_media":0,"parent":0,"menu_order":0,"comment_status":"closed","ping_status":"closed","template":"","meta":{"generate_page_header":"","_bos_mb_destination":[""],"footnotes":""},"class_list":["post-645","page","type-page","status-publish"],"aioseo_notices":[],"_links":{"self":[{"href":"https:\/\/superlastminutes.be\/fr\/wp-json\/wp\/v2\/pages\/645","targetHints":{"allow":["GET"]}}],"collection":[{"href":"https:\/\/superlastminutes.be\/fr\/wp-json\/wp\/v2\/pages"}],"about":[{"href":"https:\/\/superlastminutes.be\/fr\/wp-json\/wp\/v2\/types\/page"}],"author":[{"embeddable":true,"href":"https:\/\/superlastminutes.be\/fr\/wp-json\/wp\/v2\/users\/54"}],"replies":[{"embeddable":true,"href":"https:\/\/superlastminutes.be\/fr\/wp-json\/wp\/v2\/comments?post=645"}],"version-history":[{"count":3,"href":"https:\/\/superlastminutes.be\/fr\/wp-json\/wp\/v2\/pages\/645\/revisions"}],"predecessor-version":[{"id":6224,"href":"https:\/\/superlastminutes.be\/fr\/wp-json\/wp\/v2\/pages\/645\/revisions\/6224"}],"wp:attachment":[{"href":"https:\/\/superlastminutes.be\/fr\/wp-json\/wp\/v2\/media?parent=645"}],"curies":[{"name":"wp","href":"https:\/\/api.w.org\/{rel}","templated":true}]}}