{"id":10388,"date":"2018-12-21T10:32:54","date_gmt":"2018-12-21T09:32:54","guid":{"rendered":"https:\/\/www.superlastminutes.be\/?page_id=10388"},"modified":"2026-03-06T15:10:32","modified_gmt":"2026-03-06T14:10:32","slug":"disneyland-paris","status":"publish","type":"page","link":"https:\/\/superlastminutes.be\/nl\/bestemmingen\/disneyland-paris\/","title":{"rendered":"Disneyland Paris"},"content":{"rendered":"\t\t<div data-elementor-type=\"wp-post\" data-elementor-id=\"10388\" class=\"elementor elementor-10388\" data-elementor-post-type=\"page\">\n\t\t\t\t\t\t<section class=\"elementor-section elementor-top-section elementor-element elementor-element-a8b589a elementor-section-boxed elementor-section-height-default elementor-section-height-default\" data-id=\"a8b589a\" data-element_type=\"section\">\n\t\t\t\t\t\t<div class=\"elementor-container elementor-column-gap-default\">\n\t\t\t\t\t<div class=\"elementor-column elementor-col-100 elementor-top-column elementor-element elementor-element-a01be5a\" data-id=\"a01be5a\" data-element_type=\"column\">\n\t\t\t<div class=\"elementor-widget-wrap elementor-element-populated\">\n\t\t\t\t\t\t<div class=\"elementor-element elementor-element-25c7e65 elementor-widget elementor-widget-image\" data-id=\"25c7e65\" data-element_type=\"widget\" data-widget_type=\"image.default\">\n\t\t\t\t<div class=\"elementor-widget-container\">\n\t\t\t\t\t\t\t\t\t\t\t\t\t<img decoding=\"async\" src=\"https:\/\/superlastminutes.be\/nl\/wp-content\/uploads\/elementor\/thumbs\/Disney-onrmv9q666fhtt23imn84hin9wcyprncb01bdslzyy.png\" title=\"Disney\" alt=\"Disney\" loading=\"lazy\" \/>\t\t\t\t\t\t\t\t\t\t\t\t\t<\/div>\n\t\t\t\t<\/div>\n\t\t\t\t\t<\/div>\n\t\t<\/div>\n\t\t\t\t\t<\/div>\n\t\t<\/section>\n\t\t\t\t<section class=\"elementor-section elementor-top-section elementor-element elementor-element-aaada06 elementor-section-boxed elementor-section-height-default elementor-section-height-default\" data-id=\"aaada06\" data-element_type=\"section\">\n\t\t\t\t\t\t<div class=\"elementor-container elementor-column-gap-default\">\n\t\t\t\t\t<div class=\"elementor-column elementor-col-50 elementor-top-column elementor-element elementor-element-282dc84\" data-id=\"282dc84\" data-element_type=\"column\">\n\t\t\t<div class=\"elementor-widget-wrap elementor-element-populated\">\n\t\t\t\t\t\t<div class=\"elementor-element elementor-element-cfab8fc elementor-widget elementor-widget-heading\" data-id=\"cfab8fc\" data-element_type=\"widget\" data-widget_type=\"heading.default\">\n\t\t\t\t<div class=\"elementor-widget-container\">\n\t\t\t<h2 class=\"elementor-heading-title elementor-size-default\"><a href=\"https:\/\/go.superlastminutes.be\/geef-disneyland-paris-cadeau\"><p data-start=\"0\" data-end=\"49\" style=\"\">Ontdek World of Frozen in Disneyland\u00ae Paris vanaf 29 maart 2026<span style=\"font-family: inherit; font-style: inherit;\"><\/span><\/p><\/a><\/h2>\t\t<\/div>\n\t\t\t\t<\/div>\n\t\t\t\t<div class=\"elementor-element elementor-element-83e2520 elementor-widget elementor-widget-text-editor\" data-id=\"83e2520\" data-element_type=\"widget\" data-widget_type=\"text-editor.default\">\n\t\t\t\t<div class=\"elementor-widget-container\">\n\t\t\t\t\t\t\t<p data-start=\"136\" data-end=\"391\">Een gloednieuwe themawereld komt tot leven in <span class=\"hover:entity-accent entity-underline inline cursor-pointer align-baseline\"><span class=\"whitespace-normal\">Disneyland Paris<\/span><\/span>. In <strong data-start=\"224\" data-end=\"243\">World of Frozen<\/strong> wandel je door het koninkrijk Arendelle, beleef je een spectaculaire nieuwe attractie en ontmoet je Anna, Elsa en Olaf in een adembenemend decor.<\/p><p data-start=\"393\" data-end=\"503\"><strong data-start=\"393\" data-end=\"501\">Wil jij als \u00e9\u00e9n van de eersten Arendelle ontdekken? Dan is dit h\u00e9t moment om je verblijf vast te leggen.<\/strong><\/p><p data-start=\"505\" data-end=\"750\">De belangstelling voor de opening zal groot zijn, en populaire data raken snel vol. Kies voor een pakket met hotel + tickets en geniet van een zorgeloze, meerdaagse Disney-beleving &#8211; inclusief Extra Magic Time in een officieel Disney Hotel.<\/p><p data-start=\"752\" data-end=\"822\">\u2728 Boek vandaag nog en beleef de magie vanaf de allereerste momenten.<\/p>\t\t\t\t\t\t<\/div>\n\t\t\t\t<\/div>\n\t\t\t\t\t<\/div>\n\t\t<\/div>\n\t\t\t\t<div class=\"elementor-column elementor-col-50 elementor-top-column elementor-element elementor-element-ad1e725\" data-id=\"ad1e725\" data-element_type=\"column\">\n\t\t\t<div class=\"elementor-widget-wrap elementor-element-populated\">\n\t\t\t\t\t\t<div class=\"elementor-element elementor-element-faa34fd elementor-widget elementor-widget-image\" data-id=\"faa34fd\" data-element_type=\"widget\" data-widget_type=\"image.default\">\n\t\t\t\t<div class=\"elementor-widget-container\">\n\t\t\t\t\t\t\t\t\t\t\t\t\t\t<a href=\"https:\/\/go.superlastminutes.be\/disney-adventure-world-of-frozen\" target=\"_blank\">\n\t\t\t\t\t\t\t<img fetchpriority=\"high\" decoding=\"async\" width=\"630\" height=\"630\" src=\"https:\/\/superlastminutes.be\/nl\/wp-content\/uploads\/BENL_WOF_-FROZEN-WAVE-1-BANNERS_630x630.jpg\" class=\"attachment-large size-large wp-image-13013\" alt=\"\" srcset=\"https:\/\/superlastminutes.be\/nl\/wp-content\/uploads\/BENL_WOF_-FROZEN-WAVE-1-BANNERS_630x630.jpg 630w, https:\/\/superlastminutes.be\/nl\/wp-content\/uploads\/BENL_WOF_-FROZEN-WAVE-1-BANNERS_630x630-300x300.jpg 300w, https:\/\/superlastminutes.be\/nl\/wp-content\/uploads\/BENL_WOF_-FROZEN-WAVE-1-BANNERS_630x630-100x100.jpg 100w, https:\/\/superlastminutes.be\/nl\/wp-content\/uploads\/BENL_WOF_-FROZEN-WAVE-1-BANNERS_630x630-120x120.jpg 120w\" sizes=\"(max-width: 630px) 100vw, 630px\" \/>\t\t\t\t\t\t\t\t<\/a>\n\t\t\t\t\t\t\t\t\t\t\t\t\t<\/div>\n\t\t\t\t<\/div>\n\t\t\t\t<div class=\"elementor-element elementor-element-8afc03b elementor-align-justify elementor-widget elementor-widget-button\" data-id=\"8afc03b\" data-element_type=\"widget\" data-widget_type=\"button.default\">\n\t\t\t\t<div class=\"elementor-widget-container\">\n\t\t\t\t\t<div class=\"elementor-button-wrapper\">\n\t\t\t<a class=\"elementor-button elementor-button-link elementor-size-sm\" href=\"https:\/\/go.superlastminutes.be\/disney-adventure-world-of-frozen\" target=\"_blank\">\n\t\t\t\t\t\t<span class=\"elementor-button-content-wrapper\">\n\t\t\t\t\t\t\t\t\t<span class=\"elementor-button-text\">Boek je verblijf<\/span>\n\t\t\t\t\t<\/span>\n\t\t\t\t\t<\/a>\n\t\t<\/div>\n\t\t\t\t<\/div>\n\t\t\t\t<\/div>\n\t\t\t\t\t<\/div>\n\t\t<\/div>\n\t\t\t\t\t<\/div>\n\t\t<\/section>\n\t\t\t\t<section class=\"elementor-section elementor-top-section elementor-element elementor-element-3ab1dbd9 elementor-section-boxed elementor-section-height-default elementor-section-height-default\" data-id=\"3ab1dbd9\" data-element_type=\"section\">\n\t\t\t\t\t\t<div class=\"elementor-container elementor-column-gap-default\">\n\t\t\t\t\t<div class=\"elementor-column elementor-col-100 elementor-top-column elementor-element elementor-element-5957680\" data-id=\"5957680\" data-element_type=\"column\">\n\t\t\t<div class=\"elementor-widget-wrap elementor-element-populated\">\n\t\t\t\t\t\t<div class=\"elementor-element elementor-element-418608c5 elementor-widget elementor-widget-text-editor\" data-id=\"418608c5\" data-element_type=\"widget\" data-widget_type=\"text-editor.default\">\n\t\t\t\t<div class=\"elementor-widget-container\">\n\t\t\t\t\t\t\t<h3>Disneyland\u00ae Paris<\/h3>\n<p>Disneyland\u00ae Paris, dat is niet zomaar een themapark. Het is een betoverende plek voor jong en oud. Onvergetelijke sprookjesachtige momenten gegarandeerd dus!<\/p>\n<p>Voor de feestdagen en per seizoen zijn er telkens speciale parades en shows. Een bezoekje aan dit attractiepark is dus iedere keer weer een unieke belevenis!<\/p>\n<p><b>De Disney\u00ae Parken<\/b><\/p>\n<p>In Disneyland\u00ae Paris zijn er 2 parken: Disneyland\u00ae Park en Walt Disney Studios\u00ae Park. In het eerste park beleef je de sprookjeswereld van Disney in 5 verschillende thema&#8217;s (per land), elk met aparte attracties en shows. In Walt Disney Studios\u00ae Park word je ondergedompeld in de wereld van de tekenfilm. Je leert alles over special effects en hoe de films tot stand komen.<\/p>\n<p>In de Disney Village\u00ae kun je na een dagje plezier even tot rust komen, iets eten en souvenirs kopen. Dit &#8216;dorp&#8217; bevindt zich net buiten de parken.<\/p>\n<p><strong>Disney\u00ae Hotels en&nbsp;<\/strong><b>Villages Nature Paris by Center Parcs<\/b><\/p>\n<p>Er zijn 5 hotels, vlakbij de parken, waar je kan logeren tijdens je bezoek. Je kan kiezen naar welk hotel je het liefst gaat o.b.v. je budget en verwachtingen. Elk park heeft iets unieks, zoals ontmoetingen met Disney Figuren of speciale thematische hotelsuites.<\/p>\n<p>Verder zijn er 2 resorts, vlakbij het park. In het Village Nature Paris is er een subtropisch zwemparadijs en in de Disney Davy Crockett Ranch kan je wandelen in de natuur. Elk resort heeft dus iets bijzonders. In de resorts kan je een priv\u00e9-appartement of blokhut huren.<\/p>\t\t\t\t\t\t<\/div>\n\t\t\t\t<\/div>\n\t\t\t\t<div class=\"elementor-element elementor-element-12d28f7 elementor-widget elementor-widget-button\" data-id=\"12d28f7\" data-element_type=\"widget\" data-widget_type=\"button.default\">\n\t\t\t\t<div class=\"elementor-widget-container\">\n\t\t\t\t\t<div class=\"elementor-button-wrapper\">\n\t\t\t<a class=\"elementor-button elementor-button-link elementor-size-sm\" href=\"https:\/\/go.superlastminutes.be\/enter-the-magic-2026\">\n\t\t\t\t\t\t<span class=\"elementor-button-content-wrapper\">\n\t\t\t\t\t\t\t\t\t<span class=\"elementor-button-text\">Ontdek alles over dit verblijf en boek nu!<\/span>\n\t\t\t\t\t<\/span>\n\t\t\t\t\t<\/a>\n\t\t<\/div>\n\t\t\t\t<\/div>\n\t\t\t\t<\/div>\n\t\t\t\t\t<\/div>\n\t\t<\/div>\n\t\t\t\t\t<\/div>\n\t\t<\/section>\n\t\t\t\t<section class=\"elementor-section elementor-top-section elementor-element elementor-element-71cd125b elementor-section-boxed elementor-section-height-default elementor-section-height-default\" data-id=\"71cd125b\" data-element_type=\"section\">\n\t\t\t\t\t\t<div class=\"elementor-container elementor-column-gap-default\">\n\t\t\t\t\t<div class=\"elementor-column elementor-col-100 elementor-top-column elementor-element elementor-element-4531f713\" data-id=\"4531f713\" data-element_type=\"column\">\n\t\t\t<div class=\"elementor-widget-wrap elementor-element-populated\">\n\t\t\t\t\t\t<div class=\"elementor-element elementor-element-5fe208f9 elementor-widget-divider--view-line elementor-widget elementor-widget-divider\" data-id=\"5fe208f9\" data-element_type=\"widget\" data-widget_type=\"divider.default\">\n\t\t\t\t<div class=\"elementor-widget-container\">\n\t\t\t\t\t<div class=\"elementor-divider\">\n\t\t\t<span class=\"elementor-divider-separator\">\n\t\t\t\t\t\t<\/span>\n\t\t<\/div>\n\t\t\t\t<\/div>\n\t\t\t\t<\/div>\n\t\t\t\t\t<\/div>\n\t\t<\/div>\n\t\t\t\t\t<\/div>\n\t\t<\/section>\n\t\t\t\t<section class=\"elementor-section elementor-top-section elementor-element elementor-element-c75a949 elementor-section-boxed elementor-section-height-default elementor-section-height-default\" data-id=\"c75a949\" data-element_type=\"section\">\n\t\t\t\t\t\t<div class=\"elementor-container elementor-column-gap-default\">\n\t\t\t\t\t<div class=\"elementor-column elementor-col-100 elementor-top-column elementor-element elementor-element-5a0cc29\" data-id=\"5a0cc29\" data-element_type=\"column\">\n\t\t\t<div class=\"elementor-widget-wrap elementor-element-populated\">\n\t\t\t\t\t\t\t<\/div>\n\t\t<\/div>\n\t\t\t\t\t<\/div>\n\t\t<\/section>\n\t\t\t\t<section class=\"elementor-section elementor-top-section elementor-element elementor-element-004e4d6 elementor-section-boxed elementor-section-height-default elementor-section-height-default\" data-id=\"004e4d6\" data-element_type=\"section\">\n\t\t\t\t\t\t<div class=\"elementor-container elementor-column-gap-default\">\n\t\t\t\t\t<div class=\"elementor-column elementor-col-100 elementor-top-column elementor-element elementor-element-61759f2\" data-id=\"61759f2\" data-element_type=\"column\">\n\t\t\t<div class=\"elementor-widget-wrap elementor-element-populated\">\n\t\t\t\t\t\t<div class=\"elementor-element elementor-element-f43cf18 elementor-widget elementor-widget-image\" data-id=\"f43cf18\" data-element_type=\"widget\" data-widget_type=\"image.default\">\n\t\t\t\t<div class=\"elementor-widget-container\">\n\t\t\t\t\t\t\t\t\t\t\t\t\t<img decoding=\"async\" width=\"630\" height=\"420\" src=\"https:\/\/superlastminutes.be\/nl\/wp-content\/uploads\/macgyvernrw-mickey-mouse-1988522_1920-630x420.jpg\" class=\"attachment-large size-large wp-image-13020\" alt=\"\" srcset=\"https:\/\/superlastminutes.be\/nl\/wp-content\/uploads\/macgyvernrw-mickey-mouse-1988522_1920-630x420.jpg 630w, https:\/\/superlastminutes.be\/nl\/wp-content\/uploads\/macgyvernrw-mickey-mouse-1988522_1920-300x200.jpg 300w, https:\/\/superlastminutes.be\/nl\/wp-content\/uploads\/macgyvernrw-mickey-mouse-1988522_1920-100x67.jpg 100w, https:\/\/superlastminutes.be\/nl\/wp-content\/uploads\/macgyvernrw-mickey-mouse-1988522_1920-768x512.jpg 768w, https:\/\/superlastminutes.be\/nl\/wp-content\/uploads\/macgyvernrw-mickey-mouse-1988522_1920-1536x1024.jpg 1536w, https:\/\/superlastminutes.be\/nl\/wp-content\/uploads\/macgyvernrw-mickey-mouse-1988522_1920.jpg 1920w\" sizes=\"(max-width: 630px) 100vw, 630px\" \/>\t\t\t\t\t\t\t\t\t\t\t\t\t<\/div>\n\t\t\t\t<\/div>\n\t\t\t\t\t<\/div>\n\t\t<\/div>\n\t\t\t\t\t<\/div>\n\t\t<\/section>\n\t\t\t\t<\/div>\n\t\t","protected":false},"excerpt":{"rendered":"<p>Ontdek World of Frozen in Disneyland\u00ae Paris vanaf 29 maart 2026 Een gloednieuwe themawereld komt tot leven in Disneyland Paris. In World of Frozen wandel je door het koninkrijk Arendelle, beleef je een spectaculaire nieuwe attractie en ontmoet je Anna, Elsa en Olaf in een adembenemend decor. Wil jij als \u00e9\u00e9n van de eersten Arendelle &#8230; <a title=\"Disneyland Paris\" class=\"read-more\" href=\"https:\/\/superlastminutes.be\/nl\/bestemmingen\/disneyland-paris\/\">lees meer<\/a><\/p>\n","protected":false},"author":52,"featured_media":0,"parent":7840,"menu_order":0,"comment_status":"closed","ping_status":"closed","template":"","meta":{"generate_page_header":"","_bos_mb_destination":[""],"footnotes":""},"aioseo_notices":[],"_links":{"self":[{"href":"https:\/\/superlastminutes.be\/nl\/wp-json\/wp\/v2\/pages\/10388"}],"collection":[{"href":"https:\/\/superlastminutes.be\/nl\/wp-json\/wp\/v2\/pages"}],"about":[{"href":"https:\/\/superlastminutes.be\/nl\/wp-json\/wp\/v2\/types\/page"}],"author":[{"embeddable":true,"href":"https:\/\/superlastminutes.be\/nl\/wp-json\/wp\/v2\/users\/52"}],"replies":[{"embeddable":true,"href":"https:\/\/superlastminutes.be\/nl\/wp-json\/wp\/v2\/comments?post=10388"}],"version-history":[{"count":2,"href":"https:\/\/superlastminutes.be\/nl\/wp-json\/wp\/v2\/pages\/10388\/revisions"}],"predecessor-version":[{"id":13023,"href":"https:\/\/superlastminutes.be\/nl\/wp-json\/wp\/v2\/pages\/10388\/revisions\/13023"}],"up":[{"embeddable":true,"href":"https:\/\/superlastminutes.be\/nl\/wp-json\/wp\/v2\/pages\/7840"}],"wp:attachment":[{"href":"https:\/\/superlastminutes.be\/nl\/wp-json\/wp\/v2\/media?parent=10388"}],"curies":[{"name":"wp","href":"https:\/\/api.w.org\/{rel}","templated":true}]}}